{"id":12325,"date":"2023-06-15T08:39:06","date_gmt":"2023-06-15T08:39:06","guid":{"rendered":"https:\/\/www.uma-healing.com\/?page_id=12325"},"modified":"2026-04-27T19:21:54","modified_gmt":"2026-04-27T17:21:54","slug":"impressum","status":"publish","type":"page","link":"https:\/\/www.uma-healing.com\/de\/impressum\/","title":{"rendered":"Impressum"},"content":{"rendered":"<h2>Impressum &amp; Datenschutz<\/h2>\n<div>\n<p><strong>F\u00fcr den Inhalt verantwortlich<\/strong><br \/>DI Ulrike Manhart\u2028<\/p>\n<p>Alle Rechte sind ausdr\u00fccklich vorbehalten. \u00c4nderungen oder Erg\u00e4nzungen dieser Website erfolgen ohne vorherige Ank\u00fcndigung. <br \/>\u00a0<br \/><strong>Datenschutz<\/strong><br \/>Wenn du per Formular auf der Website oder per E-Mail Kontakt mit uns aufnimmst, werden keine Daten von dir gespeichert. Wenn du mich anrufst, speicher ich deine Telefonnummer nicht, es sei denn es gibt weiteren gesch\u00e4ftlichen Kontakt.<\/p>\n<p><strong>Haftungshinweis<\/strong><br \/>Die vorliegenden Informationen sind nach bestem Wissen und Gewissen der Autorin zusammengestellt worden. Trotz sorgf\u00e4ltiger inhaltlicher Kontrolle wird keine Haftung f\u00fcr die Inhalte externer Links \u00fcbernommen. F\u00fcr den Inhalt der verlinkten Seiten sind ausschlie\u00dflich deren BetreiberInnen verantwortlich.<\/p>\n<p><strong>Datenschutz<\/strong><br \/>Erkl\u00e4rung zur Informationspflicht<br \/>(Datenschutzerkl\u00e4rung)<br \/>\u00a0<br \/>Der Schutz deiner pers\u00f6nlichen Daten ist mir ein besonderes Anliegen. Ich verarbeite deine Daten daher ausschlie\u00dflich auf Grundlage der gesetzlichen Bestimmungen (DSGVO, TKG 2003). <br \/>\u00a0<br \/>\u00a0<br \/><strong>Kontakt mit mir<\/strong><br \/>Wenn du per Formular auf der Website oder per E-Mail Kontakt mit mir aufnimmst, werden keine Daten von dir gespeichert. Wenn du mich anrufst, speichere ich deine Telefonnummer nicht.<\/p>\n<p>Wenn du dich f\u00fcr etwas anmeldest, speichere ich deine Mailadresse, damit ich dich im Falle eines Ausfalls verst\u00e4ndigen kann. Dann bekommst du auch meinen monatlichen Newsletter. Darauf wirst du jedoch in der Anmeldebest\u00e4tigung ausdr\u00fccklich hingewiesen und kannst dem jederzeit widersprechen oder k\u00fcndigen. <br \/>\u00a0<br \/><strong>Newsletter<\/strong><br \/>Du hast die M\u00f6glichkeit, meinen monatlichen Newsletter zu abonnieren. <br \/>Bitte schicke mir dazu ein E-Mail an uma@uma-healing.com und schreibe mir, dass du den Newsletter k\u00fcnftig erhalten m\u00f6chtest. <br \/>Dies kannst du jederzeit stornieren. Schicke mir hierzu ein E-Mail an uma@uma-healing.cim oder verwende den Link in der Fu\u00dfzeile des Newsletters. (Unsubscribe) Newsletter abmelden. <br \/>\u00a0<br \/>\u00a0<br \/><strong>Deine Rechte<\/strong><br \/>Dir stehen grunds\u00e4tzlich die Rechte auf Auskunft, Berichtigung, L\u00f6schung, Einschr\u00e4nkung, Daten\u00fcbertragbarkeit, Widerruf und Widerspruch zu. Wenn du glaubst, dass die Verarbeitung deiner Daten gegen das Datenschutzrecht verst\u00f6\u00dft oder deine datenschutzrechtlichen Anspr\u00fcche verletzt worden sind, kannst du dich bei der Aufsichtsbeh\u00f6rde beschweren. In \u00d6sterreich ist dies die Datenschutzbeh\u00f6rde. <br \/>\u00a0<br \/>\u00a0<br \/>Du erreichst mich unter folgenden Kontaktdaten<\/p>\n<p>DI Ulrike Manhart\u2028<\/p>\n<p>uma@uma-healing.com<br \/>Internetadresse: www.uma-healing.com<br \/>C\/ Andreu Ferret, 07015 Palma de Mallorca<\/p>\n<\/div>\n<h2>Melde dich f\u00fcr meinen Newsletter an und bleibe Up-to-Date<\/h2>\n<p><!--more--><br \/>\n<!-- {\"type\":\"layout\",\"children\":[{\"type\":\"section\",\"props\":{\"access_level\":\"default\",\"animation\":\"fade\",\"image_position\":\"center-center\",\"padding\":\"large\",\"padding_remove_bottom\":false,\"style\":\"default\",\"title_breakpoint\":\"xl\",\"title_position\":\"top-left\",\"title_rotation\":\"left\",\"vertical_align\":\"middle\",\"width\":\"default\"},\"children\":[{\"type\":\"row\",\"children\":[{\"type\":\"column\",\"props\":{\"image_position\":\"center-center\",\"position_sticky_breakpoint\":\"m\",\"width_medium\":\"1-2\"},\"children\":[{\"type\":\"headline\",\"props\":{\"content\":\"Impressum &amp; Datenschutz\",\"image_align\":\"left\",\"image_margin\":\"xsmall\",\"title_decoration\":\"bullet\",\"title_element\":\"h2\"}},{\"type\":\"text\",\"props\":{\"column_breakpoint\":\"m\",\"content\":\"\n\n<p><strong>F\u00fcr den Inhalt verantwortlich<\/strong><br \/>DI Ulrike Manhart\\u2028<\/p>\n\n\\n\n\n<p>Alle Rechte sind ausdr\u00fccklich vorbehalten. \u00c4nderungen oder Erg\u00e4nzungen dieser Website erfolgen ohne vorherige Ank\u00fcndigung. <br \/>\u00a0<br \/><strong>Datenschutz<\/strong><br \/>Wenn du per Formular auf der Website oder per E-Mail Kontakt mit uns aufnimmst, werden keine Daten von dir gespeichert. Wenn du mich anrufst, speicher ich deine Telefonnummer nicht, es sei denn es gibt weiteren gesch\u00e4ftlichen Kontakt.<\/p>\n\n\\n\n\n<p><strong>Haftungshinweis<\/strong><br \/>Die vorliegenden Informationen sind nach bestem Wissen und Gewissen der Autorin zusammengestellt worden. Trotz sorgf\u00e4ltiger inhaltlicher Kontrolle wird keine Haftung f\u00fcr die Inhalte externer Links \u00fcbernommen. F\u00fcr den Inhalt der verlinkten Seiten sind ausschlie\u00dflich deren BetreiberInnen verantwortlich.<\/p>\n\n\\n\n\n<p><strong>Datenschutz<\/strong><br \/>Erkl\u00e4rung zur Informationspflicht<br \/>(Datenschutzerkl\u00e4rung)<br \/>\u00a0<br \/>Der Schutz deiner pers\u00f6nlichen Daten ist mir ein besonderes Anliegen. Ich verarbeite deine Daten daher ausschlie\u00dflich auf Grundlage der gesetzlichen Bestimmungen (DSGVO, TKG 2003). <br \/>\u00a0<br \/>\u00a0<br \/><strong>Kontakt mit mir<\/strong><br \/>Wenn du per Formular auf der Website oder per E-Mail Kontakt mit mir aufnimmst, werden keine Daten von dir gespeichert. Wenn du mich anrufst, speichere ich deine Telefonnummer nicht.<\/p>\n\n\\n\n\n<p>Wenn du dich f\u00fcr etwas anmeldest, speichere ich deine Mailadresse, damit ich dich im Falle eines Ausfalls verst\u00e4ndigen kann. Dann bekommst du auch meinen monatlichen Newsletter. Darauf wirst du jedoch in der Anmeldebest\u00e4tigung ausdr\u00fccklich hingewiesen und kannst dem jederzeit widersprechen oder k\u00fcndigen. <br \/>\u00a0<br \/><strong>Newsletter<\/strong><br \/>Du hast die M\u00f6glichkeit, meinen monatlichen Newsletter zu abonnieren. <br \/>Bitte schicke mir dazu ein E-Mail an uma@uma-healing.com und schreibe mir, dass du den Newsletter k\u00fcnftig erhalten m\u00f6chtest. <br \/>Dies kannst du jederzeit stornieren. Schicke mir hierzu ein E-Mail an uma@uma-healing.cim oder verwende den Link in der Fu\u00dfzeile des Newsletters. (Unsubscribe) Newsletter abmelden. <br \/>\u00a0<br \/>\u00a0<br \/><strong>Deine Rechte<\/strong><br \/>Dir stehen grunds\u00e4tzlich die Rechte auf Auskunft, Berichtigung, L\u00f6schung, Einschr\u00e4nkung, Daten\u00fcbertragbarkeit, Widerruf und Widerspruch zu. Wenn du glaubst, dass die Verarbeitung deiner Daten gegen das Datenschutzrecht verst\u00f6\u00dft oder deine datenschutzrechtlichen Anspr\u00fcche verletzt worden sind, kannst du dich bei der Aufsichtsbeh\u00f6rde beschweren. In \u00d6sterreich ist dies die Datenschutzbeh\u00f6rde. <br \/>\u00a0<br \/>\u00a0<br \/>Du erreichst mich unter folgenden Kontaktdaten<\/p>\n\n\\n\n\n<p>DI Ulrike Manhart\\u2028<\/p>\n\n\\n\n\n<p>uma@uma-healing.com<br \/>Internetadresse: www.uma-healing.com<br \/>C\/ Andreu Ferret, 07015 Palma de Mallorca<\/p>\n\n\",\"margin\":\"default\",\"margin_bottom\":\"default\",\"margin_top\":\"default\"}}]},{\"type\":\"column\",\"props\":{\"image_position\":\"center-center\",\"position_sticky_breakpoint\":\"m\",\"width_medium\":\"1-2\"}}],\"props\":{\"layout\":\"1-2,1-2\"}}],\"name\":\"About\"},{\"type\":\"section\",\"props\":{\"access_level\":\"default\",\"animation\":\"slide-bottom-small\",\"animation_delay\":false,\"image_effect\":\"parallax\",\"image_parallax_bgx_end\":\"-120\",\"image_parallax_bgx_start\":\"-120\",\"image_parallax_bgy_end\":\"120\",\"image_parallax_bgy_start\":\"420\",\"image_parallax_easing\":\"0.5\",\"image_position\":\"bottom-left\",\"image_size\":\"contain\",\"padding\":\"xlarge\",\"style\":\"primary\",\"title_breakpoint\":\"xl\",\"title_position\":\"top-left\",\"title_rotation\":\"left\",\"vertical_align\":\"middle\",\"width\":\"xlarge\"},\"children\":[{\"type\":\"row\",\"props\":{\"width\":\"small\"},\"children\":[{\"type\":\"column\",\"props\":{\"image_position\":\"center-center\",\"position_sticky_breakpoint\":\"m\",\"style\":\"tile-secondary\",\"width_medium\":\"1-1\"},\"children\":[{\"type\":\"headline\",\"props\":{\"block_align\":\"center\",\"content\":\"Melde dich f\u00fcr meinen Newsletter an und bleibe Up-to-Date\",\"image_align\":\"left\",\"image_margin\":\"xsmall\",\"margin_bottom\":\"medium\",\"margin_top\":\"medium\",\"text_align\":\"center\",\"title_element\":\"h2\"}},{\"type\":\"newsletter\",\"props\":{\"block_align\":\"center\",\"block_align_breakpoint\":\"s\",\"block_align_fallback\":\"center\",\"button_icon\":\"mail\",\"button_mode\":\"button\",\"button_style\":\"default\",\"cmonitor\":{\"client_id\":\"\",\"list_id\":\"\"},\"gap\":\"small\",\"label_button\":\"Anmelden\",\"label_email\":\"E-Mail Adresse\",\"label_first_name\":\"First name\",\"label_last_name\":\"Last name\",\"layout\":\"grid\",\"mailchimp\":{\"client_id\":\"\",\"list_id\":\"6612e93f8d\",\"double_optin\":false},\"maxwidth\":\"2xlarge\",\"provider\":{\"name\":\"mailchimp\",\"after_submit\":\"message\",\"message\":\"Du hast dich erfolgreich angemeldet! Vielen Dank! Smile on\",\"redirect\":\"\"},\"show_name\":false,\"text_align\":\"center\"}}]}]}],\"name\":\"Newsletter v2\"}],\"version\":\"5.0.28\"} --><\/p>\n","protected":false},"excerpt":{"rendered":"<p>Impressum &amp; Datenschutz F\u00fcr den Inhalt verantwortlichDI Ulrike Manhart\u2028 Alle Rechte sind ausdr\u00fccklich vorbehalten. \u00c4nderungen oder Erg\u00e4nzungen dieser Website erfolgen ohne vorherige Ank\u00fcndigung. \u00a0DatenschutzWenn du per Formular auf der Website oder per E-Mail Kontakt mit uns aufnimmst, werden keine Daten von dir gespeichert. Wenn du mich anrufst, speicher ich deine Telefonnummer nicht, es sei denn [&hellip;]<\/p>\n","protected":false},"author":5,"featured_media":0,"parent":0,"menu_order":77,"comment_status":"closed","ping_status":"closed","template":"","meta":{"_acf_changed":false,"_monsterinsights_skip_tracking":false,"_monsterinsights_sitenote_active":false,"_monsterinsights_sitenote_note":"","_monsterinsights_sitenote_category":0,"footnotes":""},"class_list":["post-12325","page","type-page","status-publish","hentry"],"acf":[],"yoast_head":"<!-- This site is optimized with the Yoast SEO plugin v27.5 - https:\/\/yoast.com\/product\/yoast-seo-wordpress\/ -->\n<title>Impressum - Uma-Healing<\/title>\n<meta name=\"description\" content=\"Impressum und Datenschutz\" \/>\n<meta name=\"robots\" content=\"index, follow, max-snippet:-1, max-image-preview:large, max-video-preview:-1\" \/>\n<link rel=\"canonical\" href=\"https:\/\/www.uma-healing.com\/de\/impressum\/\" \/>\n<meta property=\"og:locale\" content=\"de_DE\" \/>\n<meta property=\"og:type\" content=\"article\" \/>\n<meta property=\"og:title\" content=\"Impressum - Uma-Healing\" \/>\n<meta property=\"og:description\" content=\"Impressum und Datenschutz\" \/>\n<meta property=\"og:url\" content=\"https:\/\/www.uma-healing.com\/de\/impressum\/\" \/>\n<meta property=\"og:site_name\" content=\"Uma-Healing\" \/>\n<meta property=\"article:publisher\" content=\"https:\/\/www.facebook.com\/ulrikemanharthealing\" \/>\n<meta property=\"article:modified_time\" content=\"2026-04-27T17:21:54+00:00\" \/>\n<meta name=\"twitter:card\" content=\"summary_large_image\" \/>\n<meta name=\"twitter:label1\" content=\"Gesch\u00e4tzte Lesezeit\" \/>\n\t<meta name=\"twitter:data1\" content=\"4\u00a0Minuten\" \/>\n<script type=\"application\/ld+json\" class=\"yoast-schema-graph\">{\"@context\":\"https:\\\/\\\/schema.org\",\"@graph\":[{\"@type\":\"WebPage\",\"@id\":\"https:\\\/\\\/www.uma-healing.com\\\/de\\\/impressum\\\/\",\"url\":\"https:\\\/\\\/www.uma-healing.com\\\/de\\\/impressum\\\/\",\"name\":\"Impressum - Uma-Healing\",\"isPartOf\":{\"@id\":\"https:\\\/\\\/www.uma-healing.com\\\/#website\"},\"datePublished\":\"2023-06-15T08:39:06+00:00\",\"dateModified\":\"2026-04-27T17:21:54+00:00\",\"description\":\"Impressum und Datenschutz\",\"breadcrumb\":{\"@id\":\"https:\\\/\\\/www.uma-healing.com\\\/de\\\/impressum\\\/#breadcrumb\"},\"inLanguage\":\"de\",\"potentialAction\":[{\"@type\":\"ReadAction\",\"target\":[\"https:\\\/\\\/www.uma-healing.com\\\/de\\\/impressum\\\/\"]}]},{\"@type\":\"BreadcrumbList\",\"@id\":\"https:\\\/\\\/www.uma-healing.com\\\/de\\\/impressum\\\/#breadcrumb\",\"itemListElement\":[{\"@type\":\"ListItem\",\"position\":1,\"name\":\"Home\",\"item\":\"https:\\\/\\\/www.uma-healing.com\\\/de\\\/\"},{\"@type\":\"ListItem\",\"position\":2,\"name\":\"Impressum\"}]},{\"@type\":\"WebSite\",\"@id\":\"https:\\\/\\\/www.uma-healing.com\\\/#website\",\"url\":\"https:\\\/\\\/www.uma-healing.com\\\/\",\"name\":\"Uma-Healing\",\"description\":\"Uma-Healing\",\"publisher\":{\"@id\":\"https:\\\/\\\/www.uma-healing.com\\\/#organization\"},\"potentialAction\":[{\"@type\":\"SearchAction\",\"target\":{\"@type\":\"EntryPoint\",\"urlTemplate\":\"https:\\\/\\\/www.uma-healing.com\\\/?s={search_term_string}\"},\"query-input\":{\"@type\":\"PropertyValueSpecification\",\"valueRequired\":true,\"valueName\":\"search_term_string\"}}],\"inLanguage\":\"de\"},{\"@type\":\"Organization\",\"@id\":\"https:\\\/\\\/www.uma-healing.com\\\/#organization\",\"name\":\"Uma Healing\",\"url\":\"https:\\\/\\\/www.uma-healing.com\\\/\",\"logo\":{\"@type\":\"ImageObject\",\"inLanguage\":\"de\",\"@id\":\"https:\\\/\\\/www.uma-healing.com\\\/#\\\/schema\\\/logo\\\/image\\\/\",\"url\":\"https:\\\/\\\/www.uma-healing.com\\\/wp-content\\\/uploads\\\/ulrikemanhart_logo_zentriert-a3d82b47.webp\",\"contentUrl\":\"https:\\\/\\\/www.uma-healing.com\\\/wp-content\\\/uploads\\\/ulrikemanhart_logo_zentriert-a3d82b47.webp\",\"width\":400,\"height\":51,\"caption\":\"Uma Healing\"},\"image\":{\"@id\":\"https:\\\/\\\/www.uma-healing.com\\\/#\\\/schema\\\/logo\\\/image\\\/\"},\"sameAs\":[\"https:\\\/\\\/www.facebook.com\\\/ulrikemanharthealing\"]}]}<\/script>\n<!-- \/ Yoast SEO plugin. -->","yoast_head_json":{"title":"Impressum - Uma-Healing","description":"Impressum und Datenschutz","robots":{"index":"index","follow":"follow","max-snippet":"max-snippet:-1","max-image-preview":"max-image-preview:large","max-video-preview":"max-video-preview:-1"},"canonical":"https:\/\/www.uma-healing.com\/de\/impressum\/","og_locale":"de_DE","og_type":"article","og_title":"Impressum - Uma-Healing","og_description":"Impressum und Datenschutz","og_url":"https:\/\/www.uma-healing.com\/de\/impressum\/","og_site_name":"Uma-Healing","article_publisher":"https:\/\/www.facebook.com\/ulrikemanharthealing","article_modified_time":"2026-04-27T17:21:54+00:00","twitter_card":"summary_large_image","twitter_misc":{"Gesch\u00e4tzte Lesezeit":"4\u00a0Minuten"},"schema":{"@context":"https:\/\/schema.org","@graph":[{"@type":"WebPage","@id":"https:\/\/www.uma-healing.com\/de\/impressum\/","url":"https:\/\/www.uma-healing.com\/de\/impressum\/","name":"Impressum - Uma-Healing","isPartOf":{"@id":"https:\/\/www.uma-healing.com\/#website"},"datePublished":"2023-06-15T08:39:06+00:00","dateModified":"2026-04-27T17:21:54+00:00","description":"Impressum und Datenschutz","breadcrumb":{"@id":"https:\/\/www.uma-healing.com\/de\/impressum\/#breadcrumb"},"inLanguage":"de","potentialAction":[{"@type":"ReadAction","target":["https:\/\/www.uma-healing.com\/de\/impressum\/"]}]},{"@type":"BreadcrumbList","@id":"https:\/\/www.uma-healing.com\/de\/impressum\/#breadcrumb","itemListElement":[{"@type":"ListItem","position":1,"name":"Home","item":"https:\/\/www.uma-healing.com\/de\/"},{"@type":"ListItem","position":2,"name":"Impressum"}]},{"@type":"WebSite","@id":"https:\/\/www.uma-healing.com\/#website","url":"https:\/\/www.uma-healing.com\/","name":"Uma-Healing","description":"Uma-Healing","publisher":{"@id":"https:\/\/www.uma-healing.com\/#organization"},"potentialAction":[{"@type":"SearchAction","target":{"@type":"EntryPoint","urlTemplate":"https:\/\/www.uma-healing.com\/?s={search_term_string}"},"query-input":{"@type":"PropertyValueSpecification","valueRequired":true,"valueName":"search_term_string"}}],"inLanguage":"de"},{"@type":"Organization","@id":"https:\/\/www.uma-healing.com\/#organization","name":"Uma Healing","url":"https:\/\/www.uma-healing.com\/","logo":{"@type":"ImageObject","inLanguage":"de","@id":"https:\/\/www.uma-healing.com\/#\/schema\/logo\/image\/","url":"https:\/\/www.uma-healing.com\/wp-content\/uploads\/ulrikemanhart_logo_zentriert-a3d82b47.webp","contentUrl":"https:\/\/www.uma-healing.com\/wp-content\/uploads\/ulrikemanhart_logo_zentriert-a3d82b47.webp","width":400,"height":51,"caption":"Uma Healing"},"image":{"@id":"https:\/\/www.uma-healing.com\/#\/schema\/logo\/image\/"},"sameAs":["https:\/\/www.facebook.com\/ulrikemanharthealing"]}]}},"_links":{"self":[{"href":"https:\/\/www.uma-healing.com\/de\/wp-json\/wp\/v2\/pages\/12325","targetHints":{"allow":["GET"]}}],"collection":[{"href":"https:\/\/www.uma-healing.com\/de\/wp-json\/wp\/v2\/pages"}],"about":[{"href":"https:\/\/www.uma-healing.com\/de\/wp-json\/wp\/v2\/types\/page"}],"author":[{"embeddable":true,"href":"https:\/\/www.uma-healing.com\/de\/wp-json\/wp\/v2\/users\/5"}],"replies":[{"embeddable":true,"href":"https:\/\/www.uma-healing.com\/de\/wp-json\/wp\/v2\/comments?post=12325"}],"version-history":[{"count":7,"href":"https:\/\/www.uma-healing.com\/de\/wp-json\/wp\/v2\/pages\/12325\/revisions"}],"predecessor-version":[{"id":19092,"href":"https:\/\/www.uma-healing.com\/de\/wp-json\/wp\/v2\/pages\/12325\/revisions\/19092"}],"wp:attachment":[{"href":"https:\/\/www.uma-healing.com\/de\/wp-json\/wp\/v2\/media?parent=12325"}],"curies":[{"name":"wp","href":"https:\/\/api.w.org\/{rel}","templated":true}]}}