{"id":11423,"date":"2023-02-21T13:05:37","date_gmt":"2023-02-21T13:05:37","guid":{"rendered":"https:\/\/www.uma-healing.com\/?page_id=11423"},"modified":"2023-04-25T21:06:18","modified_gmt":"2023-04-25T21:06:18","slug":"kontakt","status":"publish","type":"page","link":"https:\/\/www.uma-healing.com\/de\/kontakt\/","title":{"rendered":"Kontakt"},"content":{"rendered":"<h1>Schreib mir<\/h1>\n<p><a href=\"#contact\">[arrow-down]<\/a><\/p>\n<h1>Danke f\u00fcr dein Interesse! Ich bin f\u00fcr dich da und freue mich mit dir zu connecten!<\/h1>\n<div>\n<p>Wenn Du einen Termin mit mir vereinbaren m\u00f6chtest,\u00a0mehr Informationen brauchst und\/oder\u00a0Fragen an mich hast, schick mir eine Nachricht \u00fcber das Kontaktformular!<\/p>\n<p>Bitte f\u00fcll das untenstehende Formular aus und ich werde mich so schnell wie m\u00f6glich bei dir melden. <\/p>\n<\/div>\n<div>\n\n<div class=\"wpcf7 no-js\" id=\"wpcf7-f12154-o1\" lang=\"de-DE\" dir=\"ltr\" data-wpcf7-id=\"12154\">\n<div class=\"screen-reader-response\"><p role=\"status\" aria-live=\"polite\" aria-atomic=\"true\"><\/p> <ul><\/ul><\/div>\n<form action=\"\/de\/wp-json\/wp\/v2\/pages\/11423#wpcf7-f12154-o1\" method=\"post\" class=\"wpcf7-form init\" aria-label=\"Kontaktformular\" novalidate=\"novalidate\" data-status=\"init\">\n<fieldset class=\"hidden-fields-container\"><input type=\"hidden\" name=\"_wpcf7\" value=\"12154\" \/><input type=\"hidden\" name=\"_wpcf7_version\" value=\"6.1.5\" \/><input type=\"hidden\" name=\"_wpcf7_locale\" value=\"de_DE\" \/><input type=\"hidden\" name=\"_wpcf7_unit_tag\" value=\"wpcf7-f12154-o1\" \/><input type=\"hidden\" name=\"_wpcf7_container_post\" value=\"0\" \/><input type=\"hidden\" name=\"_wpcf7_posted_data_hash\" value=\"\" \/><input type=\"hidden\" name=\"_wpcf7_recaptcha_response\" value=\"\" \/>\n<\/fieldset>\n<div class=\"footer-contact-text-container\">\n\t<p><span class=\"wpcf7-form-control-wrap\" data-name=\"your-name\"><input size=\"40\" maxlength=\"400\" class=\"wpcf7-form-control wpcf7-text wpcf7-validates-as-required footer-contact-textfield\" aria-required=\"true\" aria-invalid=\"false\" placeholder=\"Vorname *\" value=\"\" type=\"text\" name=\"your-name\" \/><\/span><br \/>\n<span class=\"wpcf7-form-control-wrap\" data-name=\"your-last\"><input size=\"40\" maxlength=\"400\" class=\"wpcf7-form-control wpcf7-text wpcf7-validates-as-required footer-contact-textfield\" aria-required=\"true\" aria-invalid=\"false\" placeholder=\"Nachname *\" value=\"\" type=\"text\" name=\"your-last\" \/><\/span>\n\t<\/p>\n<\/div>\n<div class=\"footer-contact-text-container\">\n\t<p><span class=\"wpcf7-form-control-wrap\" data-name=\"your-email\"><input size=\"40\" maxlength=\"400\" class=\"wpcf7-form-control wpcf7-email wpcf7-validates-as-required wpcf7-text wpcf7-validates-as-email footer-contact-textfield\" aria-required=\"true\" aria-invalid=\"false\" placeholder=\"E-Mail *\" value=\"\" type=\"email\" name=\"your-email\" \/><\/span><br \/>\n<span class=\"wpcf7-form-control-wrap\" data-name=\"your-tel\"><input size=\"40\" maxlength=\"400\" class=\"wpcf7-form-control wpcf7-tel wpcf7-text wpcf7-validates-as-tel footer-contact-textfield\" aria-invalid=\"false\" placeholder=\"Tel\" value=\"\" type=\"tel\" name=\"your-tel\" \/><\/span>\n\t<\/p>\n<\/div>\n<p><span class=\"wpcf7-form-control-wrap\" data-name=\"your-message\"><textarea cols=\"40\" rows=\"10\" maxlength=\"2000\" class=\"wpcf7-form-control wpcf7-textarea wpcf7-validates-as-required footer-contact-textarea\" aria-required=\"true\" aria-invalid=\"false\" placeholder=\"Nachricht *\" name=\"your-message\"><\/textarea><\/span>\n<\/p>\n<p><!-- Mailchimp for WordPress v4.12.1 - https:\/\/www.mc4wp.com\/ --><input type=\"hidden\" name=\"_mc4wp_subscribe_contact-form-7\" value=\"0\" \/><span class=\"mc4wp-checkbox mc4wp-checkbox-contact-form-7 \"><label><input type=\"checkbox\" name=\"_mc4wp_subscribe_contact-form-7\" value=\"1\" ><span>Trage mich in den Newsletter ein!<\/span><\/label><\/span><!-- \/ Mailchimp for WordPress -->\n<\/p>\n<p><input class=\"wpcf7-form-control wpcf7-submit has-spinner uk-button uk-button-default\" type=\"submit\" value=\"Senden\" \/>\n<\/p><div class=\"wpcf7-response-output\" aria-hidden=\"true\"><\/div>\n<\/form>\n<\/div>\n<\/div>\n<p><!--more--><br \/>\n<!-- {\"type\":\"layout\",\"children\":[{\"name\":\"Contact\",\"type\":\"section\",\"props\":{\"access_level\":\"default\",\"header_transparent_noplaceholder\":false,\"height\":\"full\",\"image_position\":\"center-center\",\"media_background\":\"#111111\",\"media_overlay\":\"rgba(0, 0, 0, 0.7)\",\"padding\":\"xlarge\",\"style\":\"secondary\",\"title_breakpoint\":\"xl\",\"title_position\":\"top-left\",\"title_rotation\":\"left\",\"vertical_align\":\"middle\",\"video\":\"wp-content\\\/uploads\\\/Pexels-Videos-1918465.mp4\",\"video_height\":\"1440\",\"video_width\":\"2560\",\"width\":\"small\"},\"children\":[{\"name\":\"\",\"type\":\"row\",\"children\":[{\"name\":\"\",\"type\":\"column\",\"props\":{\"image_position\":\"center-center\",\"media_overlay_gradient\":\"\",\"position_sticky_breakpoint\":\"m\",\"width_medium\":\"1-1\"},\"children\":[{\"name\":\"\",\"type\":\"headline\",\"props\":{\"animation\":\"parallax\",\"content\":\"Schreib mir\",\"margin\":\"large\",\"parallax_opacity_end\":\"0\",\"parallax_opacity_start\":\"1\",\"parallax_viewport\":0.9,\"text_align\":\"center\",\"title_element\":\"h1\",\"title_style\":\"heading-small\"}}]}]},{\"type\":\"row\",\"props\":{\"margin\":\"large\"},\"children\":[{\"type\":\"column\",\"props\":{\"image_position\":\"center-center\",\"media_overlay_gradient\":\"\",\"position_sticky_breakpoint\":\"m\",\"width_medium\":\"1-1\"},\"children\":[{\"name\":\"\",\"type\":\"icon\",\"props\":{\"animation\":\"parallax\",\"icon\":\"arrow-down\",\"icon_width\":30,\"link\":\"#contact\",\"margin\":\"large\",\"parallax_opacity_end\":\"0\",\"parallax_opacity_start\":\"1\",\"parallax_viewport\":\"0.9\",\"parallax_y_end\":110,\"parallax_y_start\":\"0\",\"text_align\":\"center\"}}]}]}]},{\"type\":\"section\",\"props\":{\"access_level\":\"default\",\"id\":\"contact\",\"image_position\":\"center-center\",\"padding\":\"large\",\"style\":\"muted\",\"title_breakpoint\":\"xl\",\"title_position\":\"top-left\",\"title_rotation\":\"left\",\"vertical_align\":\"middle\",\"width\":\"small\"},\"children\":[{\"name\":\"\",\"type\":\"row\",\"children\":[{\"name\":\"\",\"type\":\"column\",\"props\":{\"image_position\":\"center-center\",\"media_overlay_gradient\":\"\",\"position_sticky_breakpoint\":\"m\",\"width_medium\":\"1-1\"},\"children\":[{\"name\":\"\",\"type\":\"headline\",\"props\":{\"content\":\"Danke f\\u00fcr dein Interesse! Ich bin f\\u00fcr dich da und freue mich mit dir zu connecten!\",\"maxwidth\":\"2xlarge\",\"text_align\":\"left\",\"title_element\":\"h1\",\"title_style\":\"heading-medium\"}},{\"name\":\"\",\"type\":\"divider\",\"props\":{\"divider_element\":\"div\",\"divider_style\":\"small\"}},{\"name\":\"\",\"type\":\"text\",\"props\":{\"column_breakpoint\":\"m\",\"content\":\"\n\n<p>Wenn Du einen Termin mit mir vereinbaren m\\u00f6chtest,\\u00a0mehr Informationen brauchst und\\\/oder\\u00a0Fragen an mich hast, schick mir eine Nachricht \\u00fcber das Kontaktformular!<\\\/p>\\n\n\n<p>Bitte f\\u00fcll das untenstehende Formular aus und ich werde mich so schnell wie m\\u00f6glich bei dir melden. <\\\/p>\",\"margin\":\"medium\",\"maxwidth\":\"xlarge\",\"text_align\":\"left\"}},{\"type\":\"html\",\"props\":{\"content\":\"[contact-form-7 id=\\\"12154\\\" title=\\\"Contact form - DE\\\"]\"}}]}]}],\"name\":\"\"}],\"version\":\"3.0.22\"} --><\/p>\n","protected":false},"excerpt":{"rendered":"<p>Schreib mir [arrow-down] Danke f\u00fcr dein Interesse! Ich bin f\u00fcr dich da und freue mich mit dir zu connecten! Wenn Du einen Termin mit mir vereinbaren m\u00f6chtest,\u00a0mehr Informationen brauchst und\/oder\u00a0Fragen an mich hast, schick mir eine Nachricht \u00fcber das Kontaktformular! Bitte f\u00fcll das untenstehende Formular aus und ich werde mich so schnell wie m\u00f6glich bei [&hellip;]<\/p>\n","protected":false},"author":5,"featured_media":0,"parent":0,"menu_order":16,"comment_status":"closed","ping_status":"closed","template":"","meta":{"_acf_changed":false,"_monsterinsights_skip_tracking":false,"_monsterinsights_sitenote_active":false,"_monsterinsights_sitenote_note":"","_monsterinsights_sitenote_category":0,"footnotes":""},"class_list":["post-11423","page","type-page","status-publish","hentry"],"acf":[],"yoast_head":"<!-- This site is optimized with the Yoast SEO plugin v27.4 - https:\/\/yoast.com\/product\/yoast-seo-wordpress\/ -->\n<title>Kontakt - Uma-Healing<\/title>\n<meta name=\"robots\" content=\"index, follow, max-snippet:-1, max-image-preview:large, max-video-preview:-1\" \/>\n<link rel=\"canonical\" href=\"https:\/\/www.uma-healing.com\/de\/kontakt\/\" \/>\n<meta property=\"og:locale\" content=\"de_DE\" \/>\n<meta property=\"og:type\" content=\"article\" \/>\n<meta property=\"og:title\" content=\"Kontakt - Uma-Healing\" \/>\n<meta property=\"og:description\" content=\"Schreib mir [arrow-down] Danke f\u00fcr dein Interesse! Ich bin f\u00fcr dich da und freue mich mit dir zu connecten! Wenn Du einen Termin mit mir vereinbaren m\u00f6chtest,\u00a0mehr Informationen brauchst und\/oder\u00a0Fragen an mich hast, schick mir eine Nachricht \u00fcber das Kontaktformular! Bitte f\u00fcll das untenstehende Formular aus und ich werde mich so schnell wie m\u00f6glich bei [&hellip;]\" \/>\n<meta property=\"og:url\" content=\"https:\/\/www.uma-healing.com\/de\/kontakt\/\" \/>\n<meta property=\"og:site_name\" content=\"Uma-Healing\" \/>\n<meta property=\"article:publisher\" content=\"https:\/\/www.facebook.com\/ulrikemanharthealing\" \/>\n<meta property=\"article:modified_time\" content=\"2023-04-25T21:06:18+00:00\" \/>\n<meta name=\"twitter:card\" content=\"summary_large_image\" \/>\n<script type=\"application\/ld+json\" class=\"yoast-schema-graph\">{\"@context\":\"https:\\\/\\\/schema.org\",\"@graph\":[{\"@type\":\"WebPage\",\"@id\":\"https:\\\/\\\/www.uma-healing.com\\\/de\\\/kontakt\\\/\",\"url\":\"https:\\\/\\\/www.uma-healing.com\\\/de\\\/kontakt\\\/\",\"name\":\"Kontakt - Uma-Healing\",\"isPartOf\":{\"@id\":\"https:\\\/\\\/www.uma-healing.com\\\/#website\"},\"datePublished\":\"2023-02-21T13:05:37+00:00\",\"dateModified\":\"2023-04-25T21:06:18+00:00\",\"breadcrumb\":{\"@id\":\"https:\\\/\\\/www.uma-healing.com\\\/de\\\/kontakt\\\/#breadcrumb\"},\"inLanguage\":\"de\",\"potentialAction\":[{\"@type\":\"ReadAction\",\"target\":[\"https:\\\/\\\/www.uma-healing.com\\\/de\\\/kontakt\\\/\"]}]},{\"@type\":\"BreadcrumbList\",\"@id\":\"https:\\\/\\\/www.uma-healing.com\\\/de\\\/kontakt\\\/#breadcrumb\",\"itemListElement\":[{\"@type\":\"ListItem\",\"position\":1,\"name\":\"Home\",\"item\":\"https:\\\/\\\/www.uma-healing.com\\\/de\\\/\"},{\"@type\":\"ListItem\",\"position\":2,\"name\":\"Kontakt\"}]},{\"@type\":\"WebSite\",\"@id\":\"https:\\\/\\\/www.uma-healing.com\\\/#website\",\"url\":\"https:\\\/\\\/www.uma-healing.com\\\/\",\"name\":\"Uma-Healing\",\"description\":\"Uma-Healing\",\"publisher\":{\"@id\":\"https:\\\/\\\/www.uma-healing.com\\\/#organization\"},\"potentialAction\":[{\"@type\":\"SearchAction\",\"target\":{\"@type\":\"EntryPoint\",\"urlTemplate\":\"https:\\\/\\\/www.uma-healing.com\\\/?s={search_term_string}\"},\"query-input\":{\"@type\":\"PropertyValueSpecification\",\"valueRequired\":true,\"valueName\":\"search_term_string\"}}],\"inLanguage\":\"de\"},{\"@type\":\"Organization\",\"@id\":\"https:\\\/\\\/www.uma-healing.com\\\/#organization\",\"name\":\"Uma Healing\",\"url\":\"https:\\\/\\\/www.uma-healing.com\\\/\",\"logo\":{\"@type\":\"ImageObject\",\"inLanguage\":\"de\",\"@id\":\"https:\\\/\\\/www.uma-healing.com\\\/#\\\/schema\\\/logo\\\/image\\\/\",\"url\":\"https:\\\/\\\/www.uma-healing.com\\\/wp-content\\\/uploads\\\/ulrikemanhart_logo_zentriert-a3d82b47.webp\",\"contentUrl\":\"https:\\\/\\\/www.uma-healing.com\\\/wp-content\\\/uploads\\\/ulrikemanhart_logo_zentriert-a3d82b47.webp\",\"width\":400,\"height\":51,\"caption\":\"Uma Healing\"},\"image\":{\"@id\":\"https:\\\/\\\/www.uma-healing.com\\\/#\\\/schema\\\/logo\\\/image\\\/\"},\"sameAs\":[\"https:\\\/\\\/www.facebook.com\\\/ulrikemanharthealing\"]}]}<\/script>\n<!-- \/ Yoast SEO plugin. -->","yoast_head_json":{"title":"Kontakt - Uma-Healing","robots":{"index":"index","follow":"follow","max-snippet":"max-snippet:-1","max-image-preview":"max-image-preview:large","max-video-preview":"max-video-preview:-1"},"canonical":"https:\/\/www.uma-healing.com\/de\/kontakt\/","og_locale":"de_DE","og_type":"article","og_title":"Kontakt - Uma-Healing","og_description":"Schreib mir [arrow-down] Danke f\u00fcr dein Interesse! Ich bin f\u00fcr dich da und freue mich mit dir zu connecten! Wenn Du einen Termin mit mir vereinbaren m\u00f6chtest,\u00a0mehr Informationen brauchst und\/oder\u00a0Fragen an mich hast, schick mir eine Nachricht \u00fcber das Kontaktformular! Bitte f\u00fcll das untenstehende Formular aus und ich werde mich so schnell wie m\u00f6glich bei [&hellip;]","og_url":"https:\/\/www.uma-healing.com\/de\/kontakt\/","og_site_name":"Uma-Healing","article_publisher":"https:\/\/www.facebook.com\/ulrikemanharthealing","article_modified_time":"2023-04-25T21:06:18+00:00","twitter_card":"summary_large_image","schema":{"@context":"https:\/\/schema.org","@graph":[{"@type":"WebPage","@id":"https:\/\/www.uma-healing.com\/de\/kontakt\/","url":"https:\/\/www.uma-healing.com\/de\/kontakt\/","name":"Kontakt - Uma-Healing","isPartOf":{"@id":"https:\/\/www.uma-healing.com\/#website"},"datePublished":"2023-02-21T13:05:37+00:00","dateModified":"2023-04-25T21:06:18+00:00","breadcrumb":{"@id":"https:\/\/www.uma-healing.com\/de\/kontakt\/#breadcrumb"},"inLanguage":"de","potentialAction":[{"@type":"ReadAction","target":["https:\/\/www.uma-healing.com\/de\/kontakt\/"]}]},{"@type":"BreadcrumbList","@id":"https:\/\/www.uma-healing.com\/de\/kontakt\/#breadcrumb","itemListElement":[{"@type":"ListItem","position":1,"name":"Home","item":"https:\/\/www.uma-healing.com\/de\/"},{"@type":"ListItem","position":2,"name":"Kontakt"}]},{"@type":"WebSite","@id":"https:\/\/www.uma-healing.com\/#website","url":"https:\/\/www.uma-healing.com\/","name":"Uma-Healing","description":"Uma-Healing","publisher":{"@id":"https:\/\/www.uma-healing.com\/#organization"},"potentialAction":[{"@type":"SearchAction","target":{"@type":"EntryPoint","urlTemplate":"https:\/\/www.uma-healing.com\/?s={search_term_string}"},"query-input":{"@type":"PropertyValueSpecification","valueRequired":true,"valueName":"search_term_string"}}],"inLanguage":"de"},{"@type":"Organization","@id":"https:\/\/www.uma-healing.com\/#organization","name":"Uma Healing","url":"https:\/\/www.uma-healing.com\/","logo":{"@type":"ImageObject","inLanguage":"de","@id":"https:\/\/www.uma-healing.com\/#\/schema\/logo\/image\/","url":"https:\/\/www.uma-healing.com\/wp-content\/uploads\/ulrikemanhart_logo_zentriert-a3d82b47.webp","contentUrl":"https:\/\/www.uma-healing.com\/wp-content\/uploads\/ulrikemanhart_logo_zentriert-a3d82b47.webp","width":400,"height":51,"caption":"Uma Healing"},"image":{"@id":"https:\/\/www.uma-healing.com\/#\/schema\/logo\/image\/"},"sameAs":["https:\/\/www.facebook.com\/ulrikemanharthealing"]}]}},"_links":{"self":[{"href":"https:\/\/www.uma-healing.com\/de\/wp-json\/wp\/v2\/pages\/11423","targetHints":{"allow":["GET"]}}],"collection":[{"href":"https:\/\/www.uma-healing.com\/de\/wp-json\/wp\/v2\/pages"}],"about":[{"href":"https:\/\/www.uma-healing.com\/de\/wp-json\/wp\/v2\/types\/page"}],"author":[{"embeddable":true,"href":"https:\/\/www.uma-healing.com\/de\/wp-json\/wp\/v2\/users\/5"}],"replies":[{"embeddable":true,"href":"https:\/\/www.uma-healing.com\/de\/wp-json\/wp\/v2\/comments?post=11423"}],"version-history":[{"count":3,"href":"https:\/\/www.uma-healing.com\/de\/wp-json\/wp\/v2\/pages\/11423\/revisions"}],"predecessor-version":[{"id":12155,"href":"https:\/\/www.uma-healing.com\/de\/wp-json\/wp\/v2\/pages\/11423\/revisions\/12155"}],"wp:attachment":[{"href":"https:\/\/www.uma-healing.com\/de\/wp-json\/wp\/v2\/media?parent=11423"}],"curies":[{"name":"wp","href":"https:\/\/api.w.org\/{rel}","templated":true}]}}